{"id":78,"date":"2026-04-11T12:18:18","date_gmt":"2026-04-11T10:18:18","guid":{"rendered":"https:\/\/schiffmann-home.org\/wordpress\/?page_id=78"},"modified":"2026-04-11T12:23:25","modified_gmt":"2026-04-11T10:23:25","slug":"schiffmann-studios","status":"publish","type":"page","link":"https:\/\/schiffmann-home.org\/wordpress\/schiffmann-studios\/","title":{"rendered":"Schiffmann Studios"},"content":{"rendered":"\n<p>Wie sind die<\/p>\n\n\n\n<figure class=\"wp-block-image size-large is-resized\"><img loading=\"lazy\" decoding=\"async\" width=\"989\" height=\"1024\" src=\"https:\/\/schiffmann-home.org\/wordpress\/wp-content\/uploads\/2026\/04\/Bild1-989x1024.png\" alt=\"\" class=\"wp-image-79\" style=\"width:320px;height:auto\" srcset=\"https:\/\/schiffmann-home.org\/wordpress\/wp-content\/uploads\/2026\/04\/Bild1-989x1024.png 989w, https:\/\/schiffmann-home.org\/wordpress\/wp-content\/uploads\/2026\/04\/Bild1-290x300.png 290w, https:\/\/schiffmann-home.org\/wordpress\/wp-content\/uploads\/2026\/04\/Bild1-768x795.png 768w, https:\/\/schiffmann-home.org\/wordpress\/wp-content\/uploads\/2026\/04\/Bild1-1483x1536.png 1483w, https:\/\/schiffmann-home.org\/wordpress\/wp-content\/uploads\/2026\/04\/Bild1-1043x1080.png 1043w, https:\/\/schiffmann-home.org\/wordpress\/wp-content\/uploads\/2026\/04\/Bild1.png 1652w\" sizes=\"(max-width: 989px) 100vw, 989px\" \/><\/figure>\n\n\n\n<p>Der Marktf\u00fchrer der Schiffmannshausener Filmfirmen.<\/p>\n\n\n\n<p>Wie haben bereits einige gro\u00dfe Produktionen ver\u00f6ffentlicht:<\/p>\n\n\n\n<ul class=\"wp-block-list\">\n<li>J\u00f6rn und sein Lauch: eine (Talk-) Show, in der J\u00f6rn Schiffmann ausf\u00fchrlich \u00fcber das Thema Lauch &#8222;unterrichtet&#8220;.<\/li>\n\n\n\n<li>Jahresschau: eine Nachrichtensendung, ausgestrahlt im 1. Schiffmannshausener Fernsehen.<\/li>\n\n\n\n<li>Beate: Der erste und einzige wirkliche Film der Schiffmann Studios, bis heute ein Favorit der SchiStu Fans.<\/li>\n<\/ul>\n\n\n\n<p>Sollten Sie eine Sondersendung oder andere dinge w\u00fcnschen, kommen Sie bitte auf uns zu:<\/p>\n\n\n\n<p>\ud83d\udce7 Joern.schiffmann@hotmail.com<\/p>\n\n\n\n\n\n<p>Viele Gr\u00fc\u00dfe<\/p>\n\n\n\n<p>J\u00f6rn Schiffmann (Inhaber)<\/p>\n","protected":false},"excerpt":{"rendered":"<p>Wie sind die Der Marktf\u00fchrer der Schiffmannshausener Filmfirmen. Wie haben bereits einige gro\u00dfe Produktionen ver\u00f6ffentlicht: Sollten Sie eine Sondersendung oder andere dinge w\u00fcnschen, kommen Sie bitte auf uns zu: \ud83d\udce7 Joern.schiffmann@hotmail.com Viele Gr\u00fc\u00dfe J\u00f6rn Schiffmann (Inhaber)<\/p>\n","protected":false},"author":1,"featured_media":79,"parent":0,"menu_order":0,"comment_status":"closed","ping_status":"closed","template":"","meta":{"saved_in_kubio":false,"footnotes":""},"class_list":["post-78","page","type-page","status-publish","has-post-thumbnail","hentry"],"kubio_ai_page_context":{"short_desc":"","purpose":"general"},"_links":{"self":[{"href":"https:\/\/schiffmann-home.org\/wordpress\/wp-json\/wp\/v2\/pages\/78","targetHints":{"allow":["GET"]}}],"collection":[{"href":"https:\/\/schiffmann-home.org\/wordpress\/wp-json\/wp\/v2\/pages"}],"about":[{"href":"https:\/\/schiffmann-home.org\/wordpress\/wp-json\/wp\/v2\/types\/page"}],"author":[{"embeddable":true,"href":"https:\/\/schiffmann-home.org\/wordpress\/wp-json\/wp\/v2\/users\/1"}],"replies":[{"embeddable":true,"href":"https:\/\/schiffmann-home.org\/wordpress\/wp-json\/wp\/v2\/comments?post=78"}],"version-history":[{"count":5,"href":"https:\/\/schiffmann-home.org\/wordpress\/wp-json\/wp\/v2\/pages\/78\/revisions"}],"predecessor-version":[{"id":87,"href":"https:\/\/schiffmann-home.org\/wordpress\/wp-json\/wp\/v2\/pages\/78\/revisions\/87"}],"wp:featuredmedia":[{"embeddable":true,"href":"https:\/\/schiffmann-home.org\/wordpress\/wp-json\/wp\/v2\/media\/79"}],"wp:attachment":[{"href":"https:\/\/schiffmann-home.org\/wordpress\/wp-json\/wp\/v2\/media?parent=78"}],"curies":[{"name":"wp","href":"https:\/\/api.w.org\/{rel}","templated":true}]}}