{"id":66,"date":"2026-04-11T11:40:57","date_gmt":"2026-04-11T09:40:57","guid":{"rendered":"https:\/\/schiffmann-home.org\/wordpress\/?page_id=66"},"modified":"2026-04-11T11:43:31","modified_gmt":"2026-04-11T09:43:31","slug":"impressum","status":"publish","type":"page","link":"https:\/\/schiffmann-home.org\/wordpress\/impressum\/","title":{"rendered":"Impressum"},"content":{"rendered":"\n<p><strong>Technische Verantwortliche:<\/strong> J\u00f6rn Schiffmann\/Andreas Schiffmann<\/p>\n\n\n\n<p><strong>Kontakt:<\/strong> \ud83d\udce7joern.schiffmann@hotmail.com, \ud83d\udcde49\/7331\/9866212, \ud83d\udcacPers\u00f6nlich<\/p>\n\n\n\n<p>Trotz sorgf\u00e4ltiger inhaltlicher Kontrolle \u00fcbernehmen wir keine Haftung f\u00fcr die Inhalte externer Links. F\u00fcr den Inhalt der verlinkten Seiten sind ausschlie\u00dflich deren Betreiber verantwortlich. Alle hier verwendeten Namen, Begriffe, Zeichen und Grafiken k\u00f6nnen Marken- oder Warenzeichen im Besitze ihrer rechtlichen Eigent\u00fcmer sein. Die Rechte aller erw\u00e4hnten und benutzten Marken- und Warenzeichen liegen ausschlie\u00dflich bei deren Besitzern.<\/p>\n\n\n\n<p>Vielen Dank, dass Sie diese Seite besuchen<s>, jetzt kann ich mit der Auswertung ihrer pers\u00f6nlichen Daten (Kreditkarte,&#8230;) beginnen \ud83d\udc7f<\/s>!<\/p>\n\n\n\n<p>Sollten Probleme anfallen, kontaktieren Sie bitte die Oben (\u2b06\ufe0fda\u2b06\ufe0f) genannte(n) Person(en). Diese stehen Ihnen <s>24\/7<\/s> 3\/5 zur Verf\u00fcfgung.<\/p>\n\n\n\n<p>P.S.: Das dauert fai ewig, so ein Impressum zu verfassen!!!<\/p>\n","protected":false},"excerpt":{"rendered":"<p>Technische Verantwortliche: J\u00f6rn Schiffmann\/Andreas Schiffmann Kontakt: \ud83d\udce7joern.schiffmann@hotmail.com, \ud83d\udcde49\/7331\/9866212, \ud83d\udcacPers\u00f6nlich Trotz sorgf\u00e4ltiger inhaltlicher Kontrolle \u00fcbernehmen wir keine Haftung f\u00fcr die Inhalte externer Links. F\u00fcr den Inhalt der verlinkten Seiten sind ausschlie\u00dflich deren Betreiber verantwortlich. Alle hier verwendeten Namen, Begriffe, Zeichen und Grafiken k\u00f6nnen Marken- oder Warenzeichen im Besitze ihrer rechtlichen Eigent\u00fcmer sein. Die Rechte aller erw\u00e4hnten [&hellip;]<\/p>\n","protected":false},"author":1,"featured_media":0,"parent":0,"menu_order":0,"comment_status":"closed","ping_status":"closed","template":"","meta":{"saved_in_kubio":false,"footnotes":""},"class_list":["post-66","page","type-page","status-publish","hentry"],"kubio_ai_page_context":{"short_desc":"","purpose":"general"},"_links":{"self":[{"href":"https:\/\/schiffmann-home.org\/wordpress\/wp-json\/wp\/v2\/pages\/66","targetHints":{"allow":["GET"]}}],"collection":[{"href":"https:\/\/schiffmann-home.org\/wordpress\/wp-json\/wp\/v2\/pages"}],"about":[{"href":"https:\/\/schiffmann-home.org\/wordpress\/wp-json\/wp\/v2\/types\/page"}],"author":[{"embeddable":true,"href":"https:\/\/schiffmann-home.org\/wordpress\/wp-json\/wp\/v2\/users\/1"}],"replies":[{"embeddable":true,"href":"https:\/\/schiffmann-home.org\/wordpress\/wp-json\/wp\/v2\/comments?post=66"}],"version-history":[{"count":1,"href":"https:\/\/schiffmann-home.org\/wordpress\/wp-json\/wp\/v2\/pages\/66\/revisions"}],"predecessor-version":[{"id":67,"href":"https:\/\/schiffmann-home.org\/wordpress\/wp-json\/wp\/v2\/pages\/66\/revisions\/67"}],"wp:attachment":[{"href":"https:\/\/schiffmann-home.org\/wordpress\/wp-json\/wp\/v2\/media?parent=66"}],"curies":[{"name":"wp","href":"https:\/\/api.w.org\/{rel}","templated":true}]}}